{"id":84,"date":"2018-02-05T19:07:58","date_gmt":"2018-02-05T18:07:58","guid":{"rendered":"http:\/\/lesdoigtsverts.be\/mobile\/?page_id=84"},"modified":"2023-08-02T10:32:45","modified_gmt":"2023-08-02T08:32:45","slug":"prestations-2","status":"publish","type":"page","link":"https:\/\/www.lesdoigtsverts.be\/index.php\/prestations-2\/","title":{"rendered":"Services"},"content":{"rendered":"<p>Notre entreprise est connue et r\u00e9put\u00e9e pour ses travaux d\u2019entretien de parcs et jardins comme :<\/p>\n<ul>\n<li>La tonte de pelouses<\/li>\n<li>La taille et l\u2019\u00e9lagage<\/li>\n<li>Les plantations<\/li>\n<li>La pose de gazon en rouleaux<\/li>\n<li>La cr\u00e9ation de cl\u00f4tures<\/li>\n<li>Le broyage \/ dessouchage<\/li>\n<li>Le fauchage<\/li>\n<li>La cr\u00e9ation de parterres<\/li>\n<\/ul>\n<p>Mais \u00e9galement pour ses travaux d\u2019am\u00e9nagements ext\u00e9rieurs tels que :<\/p>\n<ul>\n<li>Le pavage<\/li>\n<li>La ma\u00e7onnerie paysag\u00e8re<\/li>\n<li>La cr\u00e9ation de parking<\/li>\n<li>La remise en \u00e9tat de terrain<\/li>\n<li>L\u2019\u00e9vacuation des terres\/gravas<\/li>\n<li>La r\u00e9alisation d\u2019entr\u00e9e de garage<\/li>\n<\/ul>\n","protected":false},"excerpt":{"rendered":"<p>Notre entreprise est connue et r\u00e9put\u00e9e pour ses travaux d\u2019entretien de parcs et jardins comme : La tonte de pelouses La taille et l\u2019\u00e9lagage Les plantations La pose de gazon en rouleaux La cr\u00e9ation de cl\u00f4tures Le broyage \/ dessouchage Le fauchage La cr\u00e9ation de parterres Mais \u00e9galement pour ses travaux d\u2019am\u00e9nagements ext\u00e9rieurs tels que &hellip; <\/p>\n<p class=\"link-more\"><a href=\"https:\/\/www.lesdoigtsverts.be\/index.php\/prestations-2\/\" class=\"more-link\">Continuer la lecture<span class=\"screen-reader-text\"> de &laquo;&nbsp;Services&nbsp;&raquo;<\/span><\/a><\/p>\n","protected":false},"author":1,"featured_media":0,"parent":0,"menu_order":0,"comment_status":"closed","ping_status":"closed","template":"","meta":{"footnotes":""},"_links":{"self":[{"href":"https:\/\/www.lesdoigtsverts.be\/index.php\/wp-json\/wp\/v2\/pages\/84"}],"collection":[{"href":"https:\/\/www.lesdoigtsverts.be\/index.php\/wp-json\/wp\/v2\/pages"}],"about":[{"href":"https:\/\/www.lesdoigtsverts.be\/index.php\/wp-json\/wp\/v2\/types\/page"}],"author":[{"embeddable":true,"href":"https:\/\/www.lesdoigtsverts.be\/index.php\/wp-json\/wp\/v2\/users\/1"}],"replies":[{"embeddable":true,"href":"https:\/\/www.lesdoigtsverts.be\/index.php\/wp-json\/wp\/v2\/comments?post=84"}],"version-history":[{"count":6,"href":"https:\/\/www.lesdoigtsverts.be\/index.php\/wp-json\/wp\/v2\/pages\/84\/revisions"}],"predecessor-version":[{"id":190,"href":"https:\/\/www.lesdoigtsverts.be\/index.php\/wp-json\/wp\/v2\/pages\/84\/revisions\/190"}],"wp:attachment":[{"href":"https:\/\/www.lesdoigtsverts.be\/index.php\/wp-json\/wp\/v2\/media?parent=84"}],"curies":[{"name":"wp","href":"https:\/\/api.w.org\/{rel}","templated":true}]}}