{"id":56,"date":"2018-02-05T17:38:26","date_gmt":"2018-02-05T16:38:26","guid":{"rendered":"http:\/\/lesdoigtsverts.be\/mobile\/?page_id=56"},"modified":"2023-08-02T10:33:44","modified_gmt":"2023-08-02T08:33:44","slug":"notre-engagement","status":"publish","type":"page","link":"https:\/\/www.lesdoigtsverts.be\/index.php\/notre-engagement\/","title":{"rendered":"Notre engagement"},"content":{"rendered":"<p>Les Doigts Verts s\u2019engagent \u00e0 vous fournir un travail de qualit\u00e9 au meilleur prix. Notre esprit est de fid\u00e9liser la client\u00e8le en rendant tous les projets possibles tout en respectant le budget de chacun.e.<\/p>\n","protected":false},"excerpt":{"rendered":"<p>Les Doigts Verts s\u2019engagent \u00e0 vous fournir un travail de qualit\u00e9 au meilleur prix. Notre esprit est de fid\u00e9liser la client\u00e8le en rendant tous les projets possibles tout en respectant le budget de chacun.e.<\/p>\n","protected":false},"author":1,"featured_media":0,"parent":0,"menu_order":0,"comment_status":"closed","ping_status":"closed","template":"","meta":{"footnotes":""},"_links":{"self":[{"href":"https:\/\/www.lesdoigtsverts.be\/index.php\/wp-json\/wp\/v2\/pages\/56"}],"collection":[{"href":"https:\/\/www.lesdoigtsverts.be\/index.php\/wp-json\/wp\/v2\/pages"}],"about":[{"href":"https:\/\/www.lesdoigtsverts.be\/index.php\/wp-json\/wp\/v2\/types\/page"}],"author":[{"embeddable":true,"href":"https:\/\/www.lesdoigtsverts.be\/index.php\/wp-json\/wp\/v2\/users\/1"}],"replies":[{"embeddable":true,"href":"https:\/\/www.lesdoigtsverts.be\/index.php\/wp-json\/wp\/v2\/comments?post=56"}],"version-history":[{"count":4,"href":"https:\/\/www.lesdoigtsverts.be\/index.php\/wp-json\/wp\/v2\/pages\/56\/revisions"}],"predecessor-version":[{"id":191,"href":"https:\/\/www.lesdoigtsverts.be\/index.php\/wp-json\/wp\/v2\/pages\/56\/revisions\/191"}],"wp:attachment":[{"href":"https:\/\/www.lesdoigtsverts.be\/index.php\/wp-json\/wp\/v2\/media?parent=56"}],"curies":[{"name":"wp","href":"https:\/\/api.w.org\/{rel}","templated":true}]}}