{"id":16,"date":"2018-02-05T17:13:39","date_gmt":"2018-02-05T16:13:39","guid":{"rendered":"http:\/\/lesdoigtsverts.be\/mobile\/?page_id=16"},"modified":"2023-08-02T10:28:15","modified_gmt":"2023-08-02T08:28:15","slug":"accueil","status":"publish","type":"page","link":"https:\/\/www.lesdoigtsverts.be\/","title":{"rendered":"Qui sommes-nous ?"},"content":{"rendered":"<p>Les Doigts Verts est une entreprise d\u2019entretien et d\u2019am\u00e9nagement de parcs et jardins tenue par\u00a0deux entrepreneurs exp\u00e9riment\u00e9s, ultra motiv\u00e9s et enti\u00e8rement \u00e9quip\u00e9s.<br \/>\nCela fait plus de dix ans que l&rsquo;\u00e9quipe exerce sa profession dans les jardins de nombreux.ses client.e.s, particulier.e.s mais \u00e9galement entreprises et communes.<\/p>\n","protected":false},"excerpt":{"rendered":"<p>Les Doigts Verts est une entreprise d\u2019entretien et d\u2019am\u00e9nagement de parcs et jardins tenue par\u00a0deux entrepreneurs exp\u00e9riment\u00e9s, ultra motiv\u00e9s et enti\u00e8rement \u00e9quip\u00e9s. Cela fait plus de dix ans que l&rsquo;\u00e9quipe exerce sa profession dans les jardins de nombreux.ses client.e.s, particulier.e.s mais \u00e9galement entreprises et communes.<\/p>\n","protected":false},"author":1,"featured_media":0,"parent":0,"menu_order":0,"comment_status":"closed","ping_status":"closed","template":"","meta":{"footnotes":""},"_links":{"self":[{"href":"https:\/\/www.lesdoigtsverts.be\/index.php\/wp-json\/wp\/v2\/pages\/16"}],"collection":[{"href":"https:\/\/www.lesdoigtsverts.be\/index.php\/wp-json\/wp\/v2\/pages"}],"about":[{"href":"https:\/\/www.lesdoigtsverts.be\/index.php\/wp-json\/wp\/v2\/types\/page"}],"author":[{"embeddable":true,"href":"https:\/\/www.lesdoigtsverts.be\/index.php\/wp-json\/wp\/v2\/users\/1"}],"replies":[{"embeddable":true,"href":"https:\/\/www.lesdoigtsverts.be\/index.php\/wp-json\/wp\/v2\/comments?post=16"}],"version-history":[{"count":5,"href":"https:\/\/www.lesdoigtsverts.be\/index.php\/wp-json\/wp\/v2\/pages\/16\/revisions"}],"predecessor-version":[{"id":186,"href":"https:\/\/www.lesdoigtsverts.be\/index.php\/wp-json\/wp\/v2\/pages\/16\/revisions\/186"}],"wp:attachment":[{"href":"https:\/\/www.lesdoigtsverts.be\/index.php\/wp-json\/wp\/v2\/media?parent=16"}],"curies":[{"name":"wp","href":"https:\/\/api.w.org\/{rel}","templated":true}]}}