{"id":108,"date":"2018-02-05T21:00:21","date_gmt":"2018-02-05T20:00:21","guid":{"rendered":"http:\/\/lesdoigtsverts.be\/mobile\/?page_id=108"},"modified":"2023-10-15T20:36:42","modified_gmt":"2023-10-15T18:36:42","slug":"contact","status":"publish","type":"page","link":"https:\/\/www.lesdoigtsverts.be\/index.php\/contact\/","title":{"rendered":"Contact"},"content":{"rendered":"<p>Int\u00e9r\u00e9ss\u00e9.e par nos services ? Contactez-nous \u00e0 l&rsquo;adresse email lesdoigtsverts@gmail.com<\/p>\n","protected":false},"excerpt":{"rendered":"<p>Int\u00e9r\u00e9ss\u00e9.e par nos services ? Contactez-nous \u00e0 l&rsquo;adresse email lesdoigtsverts@gmail.com<\/p>\n","protected":false},"author":1,"featured_media":0,"parent":0,"menu_order":0,"comment_status":"closed","ping_status":"closed","template":"","meta":{"footnotes":""},"_links":{"self":[{"href":"https:\/\/www.lesdoigtsverts.be\/index.php\/wp-json\/wp\/v2\/pages\/108"}],"collection":[{"href":"https:\/\/www.lesdoigtsverts.be\/index.php\/wp-json\/wp\/v2\/pages"}],"about":[{"href":"https:\/\/www.lesdoigtsverts.be\/index.php\/wp-json\/wp\/v2\/types\/page"}],"author":[{"embeddable":true,"href":"https:\/\/www.lesdoigtsverts.be\/index.php\/wp-json\/wp\/v2\/users\/1"}],"replies":[{"embeddable":true,"href":"https:\/\/www.lesdoigtsverts.be\/index.php\/wp-json\/wp\/v2\/comments?post=108"}],"version-history":[{"count":2,"href":"https:\/\/www.lesdoigtsverts.be\/index.php\/wp-json\/wp\/v2\/pages\/108\/revisions"}],"predecessor-version":[{"id":208,"href":"https:\/\/www.lesdoigtsverts.be\/index.php\/wp-json\/wp\/v2\/pages\/108\/revisions\/208"}],"wp:attachment":[{"href":"https:\/\/www.lesdoigtsverts.be\/index.php\/wp-json\/wp\/v2\/media?parent=108"}],"curies":[{"name":"wp","href":"https:\/\/api.w.org\/{rel}","templated":true}]}}